{"id":7,"date":"2018-11-07T14:24:51","date_gmt":"2018-11-07T14:24:51","guid":{"rendered":"http:\/\/gimobility.sbg.ac.at\/wordpress\/uml-bikequality\/?page_id=7"},"modified":"2019-12-07T15:00:05","modified_gmt":"2019-12-07T14:00:05","slug":"home","status":"publish","type":"page","link":"https:\/\/mobilitylab.geo.sbg.ac.at\/wordpress\/uml-bikequality\/","title":{"rendered":"Home"},"content":{"rendered":"\t\t<div data-elementor-type=\"wp-page\" data-elementor-id=\"7\" class=\"elementor elementor-7\">\n\t\t\t\t\t\t<section class=\"elementor-section elementor-top-section elementor-element elementor-element-0342dfc elementor-section-boxed elementor-section-height-default elementor-section-height-default\" data-id=\"0342dfc\" data-element_type=\"section\" data-e-type=\"section\" data-settings=\"{&quot;background_background&quot;:&quot;classic&quot;}\">\n\t\t\t\t\t\t<div class=\"elementor-container elementor-column-gap-default\">\n\t\t\t\t\t<div class=\"elementor-column elementor-col-100 elementor-top-column elementor-element elementor-element-c2a342d\" data-id=\"c2a342d\" data-element_type=\"column\" data-e-type=\"column\">\n\t\t\t<div class=\"elementor-widget-wrap elementor-element-populated\">\n\t\t\t\t\t\t<div class=\"elementor-element elementor-element-1c218b3 elementor-widget elementor-widget-image\" data-id=\"1c218b3\" data-element_type=\"widget\" data-e-type=\"widget\" data-widget_type=\"image.default\">\n\t\t\t\t<div class=\"elementor-widget-container\">\n\t\t\t\t\t\t\t\t\t\t\t\t\t\t\t<img fetchpriority=\"high\" decoding=\"async\" width=\"800\" height=\"311\" src=\"https:\/\/mobilitylab.geo.sbg.ac.at\/wordpress\/uml-bikequality\/wp-content\/uploads\/sites\/12\/2018\/11\/uml_logo_farb.png\" class=\"attachment-full size-full wp-image-138\" alt=\"\" srcset=\"https:\/\/mobilitylab.geo.sbg.ac.at\/wordpress\/uml-bikequality\/wp-content\/uploads\/sites\/12\/2018\/11\/uml_logo_farb.png 800w, https:\/\/mobilitylab.geo.sbg.ac.at\/wordpress\/uml-bikequality\/wp-content\/uploads\/sites\/12\/2018\/11\/uml_logo_farb-300x117.png 300w, https:\/\/mobilitylab.geo.sbg.ac.at\/wordpress\/uml-bikequality\/wp-content\/uploads\/sites\/12\/2018\/11\/uml_logo_farb-768x299.png 768w\" sizes=\"(max-width: 800px) 100vw, 800px\" \/>\t\t\t\t\t\t\t\t\t\t\t\t\t\t\t<\/div>\n\t\t\t\t<\/div>\n\t\t\t\t\t<\/div>\n\t\t<\/div>\n\t\t\t\t\t<\/div>\n\t\t<\/section>\n\t\t\t\t<section class=\"elementor-section elementor-top-section elementor-element elementor-element-75b82ca elementor-section-boxed elementor-section-height-default elementor-section-height-default\" data-id=\"75b82ca\" data-element_type=\"section\" data-e-type=\"section\" data-settings=\"{&quot;background_background&quot;:&quot;classic&quot;}\">\n\t\t\t\t\t\t<div class=\"elementor-container elementor-column-gap-default\">\n\t\t\t\t\t<div class=\"elementor-column elementor-col-100 elementor-top-column elementor-element elementor-element-c0bb295\" data-id=\"c0bb295\" data-element_type=\"column\" data-e-type=\"column\">\n\t\t\t<div class=\"elementor-widget-wrap elementor-element-populated\">\n\t\t\t\t\t\t<div class=\"elementor-element elementor-element-4df7f8c elementor-widget elementor-widget-heading\" data-id=\"4df7f8c\" data-element_type=\"widget\" data-e-type=\"widget\" data-widget_type=\"heading.default\">\n\t\t\t\t<div class=\"elementor-widget-container\">\n\t\t\t\t\t<h1 class=\"elementor-heading-title elementor-size-default\">Bike Quality<\/h1>\t\t\t\t<\/div>\n\t\t\t\t<\/div>\n\t\t\t\t<div class=\"elementor-element elementor-element-3d1d641 elementor-widget elementor-widget-heading\" data-id=\"3d1d641\" data-element_type=\"widget\" data-e-type=\"widget\" data-widget_type=\"heading.default\">\n\t\t\t\t<div class=\"elementor-widget-container\">\n\t\t\t\t\t<h2 class=\"elementor-heading-title elementor-size-default\">Qualit\u00e4tsmessung von Fahrradinfrastruktur<\/h2>\t\t\t\t<\/div>\n\t\t\t\t<\/div>\n\t\t\t\t\t<\/div>\n\t\t<\/div>\n\t\t\t\t\t<\/div>\n\t\t<\/section>\n\t\t\t\t<section class=\"elementor-section elementor-top-section elementor-element elementor-element-6a53fee elementor-section-boxed elementor-section-height-default elementor-section-height-default\" data-id=\"6a53fee\" data-element_type=\"section\" data-e-type=\"section\">\n\t\t\t\t\t\t<div class=\"elementor-container elementor-column-gap-default\">\n\t\t\t\t\t<div class=\"elementor-column elementor-col-100 elementor-top-column elementor-element elementor-element-ed73ef7\" data-id=\"ed73ef7\" data-element_type=\"column\" data-e-type=\"column\">\n\t\t\t<div class=\"elementor-widget-wrap elementor-element-populated\">\n\t\t\t\t\t\t<section class=\"elementor-section elementor-inner-section elementor-element elementor-element-579f7f7 elementor-section-boxed elementor-section-height-default elementor-section-height-default\" data-id=\"579f7f7\" data-element_type=\"section\" data-e-type=\"section\">\n\t\t\t\t\t\t<div class=\"elementor-container elementor-column-gap-default\">\n\t\t\t\t\t<div class=\"elementor-column elementor-col-50 elementor-inner-column elementor-element elementor-element-324017b\" data-id=\"324017b\" data-element_type=\"column\" data-e-type=\"column\">\n\t\t\t<div class=\"elementor-widget-wrap elementor-element-populated\">\n\t\t\t\t\t\t<div class=\"elementor-element elementor-element-77d2a77 elementor-position-left elementor-vertical-align-top elementor-widget elementor-widget-image-box\" data-id=\"77d2a77\" data-element_type=\"widget\" data-e-type=\"widget\" data-widget_type=\"image-box.default\">\n\t\t\t\t<div class=\"elementor-widget-container\">\n\t\t\t\t\t<div class=\"elementor-image-box-wrapper\"><figure class=\"elementor-image-box-img\"><img decoding=\"async\" width=\"900\" height=\"900\" src=\"https:\/\/mobilitylab.geo.sbg.ac.at\/wordpress\/uml-bikequality\/wp-content\/uploads\/sites\/12\/2019\/02\/uml-geschwindigkeit.png\" class=\"attachment-full size-full wp-image-264\" alt=\"\" srcset=\"https:\/\/mobilitylab.geo.sbg.ac.at\/wordpress\/uml-bikequality\/wp-content\/uploads\/sites\/12\/2019\/02\/uml-geschwindigkeit.png 900w, https:\/\/mobilitylab.geo.sbg.ac.at\/wordpress\/uml-bikequality\/wp-content\/uploads\/sites\/12\/2019\/02\/uml-geschwindigkeit-150x150.png 150w, https:\/\/mobilitylab.geo.sbg.ac.at\/wordpress\/uml-bikequality\/wp-content\/uploads\/sites\/12\/2019\/02\/uml-geschwindigkeit-300x300.png 300w, https:\/\/mobilitylab.geo.sbg.ac.at\/wordpress\/uml-bikequality\/wp-content\/uploads\/sites\/12\/2019\/02\/uml-geschwindigkeit-768x768.png 768w\" sizes=\"(max-width: 900px) 100vw, 900px\" \/><\/figure><div class=\"elementor-image-box-content\"><h3 class=\"elementor-image-box-title\"><span data-elementor-setting-key=\"title_text\" data-elementor-inline-editing-toolbar=\"none\" data-pen-placeholder=\"Type Here...\" style=\"margin-bottom: 20px;line-height: 1.4;font-size: 18px;font-style: normal\">Starke Schl\u00e4ge<\/span><\/h3><p class=\"elementor-image-box-description\"><span style=\"font-family: Roboto, sans-serif;font-size: 14px;font-style: normal\">Erkennen Sie auf den ersten Blick wo viele starke Schl\u00e4ge aufgezeichnet wurden und erkunden Sie die Position dieser Unebenheiten.<\/span><span style=\"font-family: Roboto, sans-serif;font-size: 14px;font-style: normal\"><\/span><\/p><\/div><\/div>\t\t\t\t<\/div>\n\t\t\t\t<\/div>\n\t\t\t\t<div class=\"elementor-element elementor-element-e2dcb67 elementor-position-left elementor-vertical-align-top elementor-widget elementor-widget-image-box\" data-id=\"e2dcb67\" data-element_type=\"widget\" data-e-type=\"widget\" data-widget_type=\"image-box.default\">\n\t\t\t\t<div class=\"elementor-widget-container\">\n\t\t\t\t\t<div class=\"elementor-image-box-wrapper\"><figure class=\"elementor-image-box-img\"><img decoding=\"async\" width=\"900\" height=\"900\" src=\"https:\/\/mobilitylab.geo.sbg.ac.at\/wordpress\/uml-bikequality\/wp-content\/uploads\/sites\/12\/2019\/02\/uml-unebenheitsindex.png\" class=\"attachment-full size-full wp-image-267\" alt=\"\" srcset=\"https:\/\/mobilitylab.geo.sbg.ac.at\/wordpress\/uml-bikequality\/wp-content\/uploads\/sites\/12\/2019\/02\/uml-unebenheitsindex.png 900w, https:\/\/mobilitylab.geo.sbg.ac.at\/wordpress\/uml-bikequality\/wp-content\/uploads\/sites\/12\/2019\/02\/uml-unebenheitsindex-150x150.png 150w, https:\/\/mobilitylab.geo.sbg.ac.at\/wordpress\/uml-bikequality\/wp-content\/uploads\/sites\/12\/2019\/02\/uml-unebenheitsindex-300x300.png 300w, https:\/\/mobilitylab.geo.sbg.ac.at\/wordpress\/uml-bikequality\/wp-content\/uploads\/sites\/12\/2019\/02\/uml-unebenheitsindex-768x768.png 768w\" sizes=\"(max-width: 900px) 100vw, 900px\" \/><\/figure><div class=\"elementor-image-box-content\"><h3 class=\"elementor-image-box-title\">Gefahrene Geschwindigkeiten<\/h3><p class=\"elementor-image-box-description\">Sehen Sie wie schnell das Wegenetz durchschnittlich befahren wurde und wo es zur Verlangsamung des Radverkehrs kommt.<\/p><\/div><\/div>\t\t\t\t<\/div>\n\t\t\t\t<\/div>\n\t\t\t\t\t<\/div>\n\t\t<\/div>\n\t\t\t\t<div class=\"elementor-column elementor-col-50 elementor-inner-column elementor-element elementor-element-33745b3\" data-id=\"33745b3\" data-element_type=\"column\" data-e-type=\"column\">\n\t\t\t<div class=\"elementor-widget-wrap elementor-element-populated\">\n\t\t\t\t\t\t<div class=\"elementor-element elementor-element-c32a91f elementor-position-left elementor-vertical-align-top elementor-widget elementor-widget-image-box\" data-id=\"c32a91f\" data-element_type=\"widget\" data-e-type=\"widget\" data-widget_type=\"image-box.default\">\n\t\t\t\t<div class=\"elementor-widget-container\">\n\t\t\t\t\t<div class=\"elementor-image-box-wrapper\"><figure class=\"elementor-image-box-img\"><img loading=\"lazy\" decoding=\"async\" width=\"900\" height=\"900\" src=\"https:\/\/mobilitylab.geo.sbg.ac.at\/wordpress\/uml-bikequality\/wp-content\/uploads\/sites\/12\/2019\/02\/uml-stopps.png\" class=\"attachment-full size-full wp-image-266\" alt=\"\" srcset=\"https:\/\/mobilitylab.geo.sbg.ac.at\/wordpress\/uml-bikequality\/wp-content\/uploads\/sites\/12\/2019\/02\/uml-stopps.png 900w, https:\/\/mobilitylab.geo.sbg.ac.at\/wordpress\/uml-bikequality\/wp-content\/uploads\/sites\/12\/2019\/02\/uml-stopps-150x150.png 150w, https:\/\/mobilitylab.geo.sbg.ac.at\/wordpress\/uml-bikequality\/wp-content\/uploads\/sites\/12\/2019\/02\/uml-stopps-300x300.png 300w, https:\/\/mobilitylab.geo.sbg.ac.at\/wordpress\/uml-bikequality\/wp-content\/uploads\/sites\/12\/2019\/02\/uml-stopps-768x768.png 768w\" sizes=\"(max-width: 900px) 100vw, 900px\" \/><\/figure><div class=\"elementor-image-box-content\"><h3 class=\"elementor-image-box-title\"><span class=\"elementor-image-box-title elementor-inline-editing pen\" data-elementor-setting-key=\"title_text\" data-elementor-inline-editing-toolbar=\"none\" data-pen-placeholder=\"Type Here...\" style=\"margin-bottom: 20px;line-height: 1.4;font-size: 18px;font-style: normal\">Unebenheitsindex<\/span><\/h3><p class=\"elementor-image-box-description\"><span style=\"font-family: Roboto, sans-serif;font-size: 14px;font-style: normal\">Erfahren Sie welche Streckenabschnitte eine hohe Unebenheit aufweisen und wo der Bodenbelag ein ruhiges Fahrradfahren erm\u00f6glicht.<\/span><span style=\"font-family: Roboto, sans-serif;font-size: 14px;font-style: normal\"><\/span><\/p><\/div><\/div>\t\t\t\t<\/div>\n\t\t\t\t<\/div>\n\t\t\t\t<div class=\"elementor-element elementor-element-7773d2e elementor-position-left elementor-vertical-align-top elementor-widget elementor-widget-image-box\" data-id=\"7773d2e\" data-element_type=\"widget\" data-e-type=\"widget\" data-widget_type=\"image-box.default\">\n\t\t\t\t<div class=\"elementor-widget-container\">\n\t\t\t\t\t<div class=\"elementor-image-box-wrapper\"><figure class=\"elementor-image-box-img\"><img loading=\"lazy\" decoding=\"async\" width=\"900\" height=\"900\" src=\"https:\/\/mobilitylab.geo.sbg.ac.at\/wordpress\/uml-bikequality\/wp-content\/uploads\/sites\/12\/2019\/02\/uml-schlaege.png\" class=\"attachment-full size-full wp-image-265\" alt=\"\" srcset=\"https:\/\/mobilitylab.geo.sbg.ac.at\/wordpress\/uml-bikequality\/wp-content\/uploads\/sites\/12\/2019\/02\/uml-schlaege.png 900w, https:\/\/mobilitylab.geo.sbg.ac.at\/wordpress\/uml-bikequality\/wp-content\/uploads\/sites\/12\/2019\/02\/uml-schlaege-150x150.png 150w, https:\/\/mobilitylab.geo.sbg.ac.at\/wordpress\/uml-bikequality\/wp-content\/uploads\/sites\/12\/2019\/02\/uml-schlaege-300x300.png 300w, https:\/\/mobilitylab.geo.sbg.ac.at\/wordpress\/uml-bikequality\/wp-content\/uploads\/sites\/12\/2019\/02\/uml-schlaege-768x768.png 768w\" sizes=\"(max-width: 900px) 100vw, 900px\" \/><\/figure><div class=\"elementor-image-box-content\"><h3 class=\"elementor-image-box-title\">Stopps und Haltedauer<\/h3><p class=\"elementor-image-box-description\">Identifizieren Sie die Stellen im Wegenetz an denen die Fahrten besonders h\u00e4ufig unterbrochen werden mussten.<\/p><\/div><\/div>\t\t\t\t<\/div>\n\t\t\t\t<\/div>\n\t\t\t\t\t<\/div>\n\t\t<\/div>\n\t\t\t\t\t<\/div>\n\t\t<\/section>\n\t\t\t\t\t<\/div>\n\t\t<\/div>\n\t\t\t\t\t<\/div>\n\t\t<\/section>\n\t\t\t\t<\/div>\n\t\t","protected":false},"excerpt":{"rendered":"<p>Bike Quality Qualit\u00e4tsmessung von Fahrradinfrastruktur Starke Schl\u00e4ge Erkennen Sie auf den ersten Blick wo viele starke Schl\u00e4ge aufgezeichnet wurden und erkunden Sie die Position dieser Unebenheiten. Gefahrene Geschwindigkeiten Sehen Sie wie schnell das Wegenetz durchschnittlich befahren wurde und wo es zur Verlangsamung des Radverkehrs kommt. Unebenheitsindex Erfahren Sie welche Streckenabschnitte eine hohe Unebenheit aufweisen und [&hellip;]<\/p>\n","protected":false},"author":1,"featured_media":0,"parent":0,"menu_order":0,"comment_status":"closed","ping_status":"closed","template":"","meta":{"_acf_changed":false,"ocean_post_layout":"full-screen","ocean_both_sidebars_style":"","ocean_both_sidebars_content_width":0,"ocean_both_sidebars_sidebars_width":0,"ocean_sidebar":"0","ocean_second_sidebar":"0","ocean_disable_margins":"enable","ocean_add_body_class":"","ocean_shortcode_before_top_bar":"","ocean_shortcode_after_top_bar":"","ocean_shortcode_before_header":"","ocean_shortcode_after_header":"","ocean_has_shortcode":"","ocean_shortcode_after_title":"","ocean_shortcode_before_footer_widgets":"","ocean_shortcode_after_footer_widgets":"","ocean_shortcode_before_footer_bottom":"","ocean_shortcode_after_footer_bottom":"","ocean_display_top_bar":"default","ocean_display_header":"default","ocean_header_style":"","ocean_center_header_left_menu":"0","ocean_custom_header_template":"0","ocean_custom_logo":0,"ocean_custom_retina_logo":0,"ocean_custom_logo_max_width":0,"ocean_custom_logo_tablet_max_width":0,"ocean_custom_logo_mobile_max_width":0,"ocean_custom_logo_max_height":0,"ocean_custom_logo_tablet_max_height":0,"ocean_custom_logo_mobile_max_height":0,"ocean_header_custom_menu":"0","ocean_menu_typo_font_family":"0","ocean_menu_typo_font_subset":"","ocean_menu_typo_font_size":0,"ocean_menu_typo_font_size_tablet":0,"ocean_menu_typo_font_size_mobile":0,"ocean_menu_typo_font_size_unit":"px","ocean_menu_typo_font_weight":"","ocean_menu_typo_font_weight_tablet":"","ocean_menu_typo_font_weight_mobile":"","ocean_menu_typo_transform":"","ocean_menu_typo_transform_tablet":"","ocean_menu_typo_transform_mobile":"","ocean_menu_typo_line_height":0,"ocean_menu_typo_line_height_tablet":0,"ocean_menu_typo_line_height_mobile":0,"ocean_menu_typo_line_height_unit":"","ocean_menu_typo_spacing":0,"ocean_menu_typo_spacing_tablet":0,"ocean_menu_typo_spacing_mobile":0,"ocean_menu_typo_spacing_unit":"","ocean_menu_link_color":"","ocean_menu_link_color_hover":"","ocean_menu_link_color_active":"","ocean_menu_link_background":"","ocean_menu_link_hover_background":"","ocean_menu_link_active_background":"","ocean_menu_social_links_bg":"","ocean_menu_social_hover_links_bg":"","ocean_menu_social_links_color":"","ocean_menu_social_hover_links_color":"","ocean_disable_title":"on","ocean_disable_heading":"default","ocean_post_title":"","ocean_post_subheading":"","ocean_post_title_style":"","ocean_post_title_background_color":"","ocean_post_title_background":0,"ocean_post_title_bg_image_position":"","ocean_post_title_bg_image_attachment":"","ocean_post_title_bg_image_repeat":"","ocean_post_title_bg_image_size":"","ocean_post_title_height":0,"ocean_post_title_bg_overlay":0.5,"ocean_post_title_bg_overlay_color":"","ocean_disable_breadcrumbs":"default","ocean_breadcrumbs_color":"","ocean_breadcrumbs_separator_color":"","ocean_breadcrumbs_links_color":"","ocean_breadcrumbs_links_hover_color":"","ocean_display_footer_widgets":"default","ocean_display_footer_bottom":"default","ocean_custom_footer_template":"0","footnotes":""},"class_list":["post-7","page","type-page","status-publish","hentry","entry"],"acf":[],"_links":{"self":[{"href":"https:\/\/mobilitylab.geo.sbg.ac.at\/wordpress\/uml-bikequality\/wp-json\/wp\/v2\/pages\/7","targetHints":{"allow":["GET"]}}],"collection":[{"href":"https:\/\/mobilitylab.geo.sbg.ac.at\/wordpress\/uml-bikequality\/wp-json\/wp\/v2\/pages"}],"about":[{"href":"https:\/\/mobilitylab.geo.sbg.ac.at\/wordpress\/uml-bikequality\/wp-json\/wp\/v2\/types\/page"}],"author":[{"embeddable":true,"href":"https:\/\/mobilitylab.geo.sbg.ac.at\/wordpress\/uml-bikequality\/wp-json\/wp\/v2\/users\/1"}],"replies":[{"embeddable":true,"href":"https:\/\/mobilitylab.geo.sbg.ac.at\/wordpress\/uml-bikequality\/wp-json\/wp\/v2\/comments?post=7"}],"version-history":[{"count":40,"href":"https:\/\/mobilitylab.geo.sbg.ac.at\/wordpress\/uml-bikequality\/wp-json\/wp\/v2\/pages\/7\/revisions"}],"predecessor-version":[{"id":357,"href":"https:\/\/mobilitylab.geo.sbg.ac.at\/wordpress\/uml-bikequality\/wp-json\/wp\/v2\/pages\/7\/revisions\/357"}],"wp:attachment":[{"href":"https:\/\/mobilitylab.geo.sbg.ac.at\/wordpress\/uml-bikequality\/wp-json\/wp\/v2\/media?parent=7"}],"curies":[{"name":"wp","href":"https:\/\/api.w.org\/{rel}","templated":true}]}}